{"id":4206,"date":"2024-11-17T12:14:18","date_gmt":"2024-11-17T05:14:18","guid":{"rendered":"https:\/\/conference.vietnamherniasociety.com\/?page_id=4206"},"modified":"2024-11-17T13:00:19","modified_gmt":"2024-11-17T06:00:19","slug":"gui-tom-tat-bao-cao","status":"publish","type":"page","link":"https:\/\/conference.vietnamherniasociety.com\/index.php\/gui-tom-tat-bao-cao\/","title":{"rendered":"G\u1eedi T\u00f3m t\u1eaft B\u00e1o c\u00e1o"},"content":{"rendered":"<div class=\"wpb-content-wrapper\">[vc_row full_width=&#8221;stretch_row_content&#8221; content_placement=&#8221;middle&#8221;][vc_column][vc_separator][vc_single_image image=&#8221;3932&#8243; img_size=&#8221;Full&#8221; style=&#8221;vc_box_shadow_3d&#8221; css=&#8221;&#8221;][vc_separator][\/vc_column][\/vc_row][vc_row opacity_bg_pattern=&#8221;0.1&#8243;][vc_column width=&#8221;2\/3&#8243;][vc_separator style=&#8221;shadow&#8221; border_width=&#8221;2&#8243; css=&#8221;&#8221;][vc_column_text css=&#8221;&#8221;]\r\n<p style=\"text-align: center;\"><span style=\"color: #0000ff; font-size: 19px; font-family: 'Cabin Condensed';\"><strong>\u0110ang c\u1eadp nh\u1eadt&#8230;<\/strong><\/span><\/p>\r\n[\/vc_column_text][vc_separator style=&#8221;shadow&#8221; border_width=&#8221;2&#8243; css=&#8221;&#8221;][\/vc_column][vc_column width=&#8221;1\/3&#8243; css=&#8221;.vc_custom_1657122559544{padding-top: 20px !important;}&#8221;]<div class=\"countdown text-right \"><p>H\u1ed8I NGH\u1eca THO\u00c1T V\u1eca VI\u1ec6T NAM L\u1ea6N 1<\/p><div  class=\"eventry_clock\" data-time=\"2024\/07\/19 20:00:00\" data-days=\"Days\" data-hours=\"Hrs\" data-minutes=\"Min\" data-seconds=\"Sec\" ><\/div><\/div>[vc_separator color=&#8221;blue&#8221; style=&#8221;shadow&#8221; border_width=&#8221;2&#8243; css=&#8221;&#8221;][vc_btn title=&#8221;TH\u00d4NG B\u00c1O S\u1ed0 1&#8243; style=&#8221;3d&#8221; shape=&#8221;round&#8221; color=&#8221;danger&#8221; align=&#8221;center&#8221; i_type=&#8221;linecons&#8221; i_icon_linecons=&#8221;vc_li vc_li-news&#8221; css_animation=&#8221;fadeInDown&#8221; css=&#8221;&#8221; add_icon=&#8221;true&#8221; link=&#8221;url:https%3A%2F%2Fconference.vietnamherniasociety.com%2Findex.php%2Ftin-tuc-moi%2F&#8221;][vc_separator color=&#8221;blue&#8221; style=&#8221;shadow&#8221; border_width=&#8221;2&#8243; css=&#8221;&#8221;][\/vc_column][\/vc_row][vc_row full_width=&#8221;stretch_row_content&#8221; gap=&#8221;2&#8243;][vc_column][vc_separator color=&#8221;custom&#8221; style=&#8221;shadow&#8221; css=&#8221;&#8221; accent_color=&#8221;#ffffff&#8221;][vc_btn title=&#8221;\u0110\u0102NG K\u00dd NGAY&#8221; style=&#8221;3d&#8221; shape=&#8221;round&#8221; color=&#8221;danger&#8221; size=&#8221;lg&#8221; align=&#8221;center&#8221; i_icon_fontawesome=&#8221;fas fa-marker&#8221; css_animation=&#8221;bounceInUp&#8221; css=&#8221;&#8221; add_icon=&#8221;true&#8221; link=&#8221;url:https%3A%2F%2Fconference.vietnamherniasociety.com&#8221;][vc_separator color=&#8221;blue&#8221; style=&#8221;shadow&#8221; border_width=&#8221;2&#8243; css=&#8221;&#8221;][\/vc_column][\/vc_row]<\/div>","protected":false},"excerpt":{"rendered":"<p>[vc_row full_width=&#8221;stretch_row_content&#8221; content_placement=&#8221;middle&#8221;][vc_column][vc_separator][vc_single_image image=&#8221;3932&#8243; img_size=&#8221;Full&#8221; style=&#8221;vc_box_shadow_3d&#8221; css=&#8221;&#8221;][vc_separator][\/vc_column][\/vc_row][vc_row opacity_bg_pattern=&#8221;0.1&#8243;][vc_column width=&#8221;2\/3&#8243;][vc_separator style=&#8221;shadow&#8221; border_width=&#8221;2&#8243; css=&#8221;&#8221;][vc_column_text css=&#8221;&#8221;] \u0110ang c\u1eadp nh\u1eadt&#8230; [\/vc_column_text][vc_separator style=&#8221;shadow&#8221; border_width=&#8221;2&#8243; css=&#8221;&#8221;][\/vc_column][vc_column width=&#8221;1\/3&#8243; css=&#8221;.vc_custom_1657122559544{padding-top: 20px !important;}&#8221;][vc_separator color=&#8221;blue&#8221; style=&#8221;shadow&#8221; border_width=&#8221;2&#8243; css=&#8221;&#8221;][vc_btn title=&#8221;TH\u00d4NG B\u00c1O S\u1ed0 1&#8243; style=&#8221;3d&#8221; shape=&#8221;round&#8221; color=&#8221;danger&#8221; align=&#8221;center&#8221; i_type=&#8221;linecons&#8221; i_icon_linecons=&#8221;vc_li vc_li-news&#8221; css_animation=&#8221;fadeInDown&#8221; css=&#8221;&#8221; add_icon=&#8221;true&#8221; link=&#8221;url:https%3A%2F%2Fconference.vietnamherniasociety.com%2Findex.php%2Ftin-tuc-moi%2F&#8221;][vc_separator color=&#8221;blue&#8221; style=&#8221;shadow&#8221; border_width=&#8221;2&#8243; css=&#8221;&#8221;][\/vc_column][\/vc_row][vc_row full_width=&#8221;stretch_row_content&#8221; gap=&#8221;2&#8243;][vc_column][vc_separator color=&#8221;custom&#8221; style=&#8221;shadow&#8221; css=&#8221;&#8221; accent_color=&#8221;#ffffff&#8221;][vc_btn title=&#8221;\u0110\u0102NG K\u00dd [&hellip;]<\/p>\n","protected":false},"author":8,"featured_media":0,"parent":0,"menu_order":0,"comment_status":"closed","ping_status":"closed","template":"","meta":{"footnotes":""},"class_list":["post-4206","page","type-page","status-publish","hentry"],"_links":{"self":[{"href":"https:\/\/conference.vietnamherniasociety.com\/index.php\/wp-json\/wp\/v2\/pages\/4206","targetHints":{"allow":["GET"]}}],"collection":[{"href":"https:\/\/conference.vietnamherniasociety.com\/index.php\/wp-json\/wp\/v2\/pages"}],"about":[{"href":"https:\/\/conference.vietnamherniasociety.com\/index.php\/wp-json\/wp\/v2\/types\/page"}],"author":[{"embeddable":true,"href":"https:\/\/conference.vietnamherniasociety.com\/index.php\/wp-json\/wp\/v2\/users\/8"}],"replies":[{"embeddable":true,"href":"https:\/\/conference.vietnamherniasociety.com\/index.php\/wp-json\/wp\/v2\/comments?post=4206"}],"version-history":[{"count":2,"href":"https:\/\/conference.vietnamherniasociety.com\/index.php\/wp-json\/wp\/v2\/pages\/4206\/revisions"}],"predecessor-version":[{"id":4319,"href":"https:\/\/conference.vietnamherniasociety.com\/index.php\/wp-json\/wp\/v2\/pages\/4206\/revisions\/4319"}],"wp:attachment":[{"href":"https:\/\/conference.vietnamherniasociety.com\/index.php\/wp-json\/wp\/v2\/media?parent=4206"}],"curies":[{"name":"wp","href":"https:\/\/api.w.org\/{rel}","templated":true}]}}