{"id":3937,"date":"2024-11-12T11:18:46","date_gmt":"2024-11-12T04:18:46","guid":{"rendered":"https:\/\/conference.vietnamherniasociety.com\/?page_id=3937"},"modified":"2024-11-17T12:08:53","modified_gmt":"2024-11-17T05:08:53","slug":"dang-ky","status":"publish","type":"page","link":"https:\/\/conference.vietnamherniasociety.com\/index.php\/dang-ky\/","title":{"rendered":"\u0110\u0103ng k\u00fd"},"content":{"rendered":"","protected":false},"excerpt":{"rendered":"","protected":false},"author":8,"featured_media":0,"parent":0,"menu_order":0,"comment_status":"closed","ping_status":"closed","template":"","meta":{"footnotes":""},"class_list":["post-3937","page","type-page","status-publish","hentry"],"_links":{"self":[{"href":"https:\/\/conference.vietnamherniasociety.com\/index.php\/wp-json\/wp\/v2\/pages\/3937","targetHints":{"allow":["GET"]}}],"collection":[{"href":"https:\/\/conference.vietnamherniasociety.com\/index.php\/wp-json\/wp\/v2\/pages"}],"about":[{"href":"https:\/\/conference.vietnamherniasociety.com\/index.php\/wp-json\/wp\/v2\/types\/page"}],"author":[{"embeddable":true,"href":"https:\/\/conference.vietnamherniasociety.com\/index.php\/wp-json\/wp\/v2\/users\/8"}],"replies":[{"embeddable":true,"href":"https:\/\/conference.vietnamherniasociety.com\/index.php\/wp-json\/wp\/v2\/comments?post=3937"}],"version-history":[{"count":2,"href":"https:\/\/conference.vietnamherniasociety.com\/index.php\/wp-json\/wp\/v2\/pages\/3937\/revisions"}],"predecessor-version":[{"id":4187,"href":"https:\/\/conference.vietnamherniasociety.com\/index.php\/wp-json\/wp\/v2\/pages\/3937\/revisions\/4187"}],"wp:attachment":[{"href":"https:\/\/conference.vietnamherniasociety.com\/index.php\/wp-json\/wp\/v2\/media?parent=3937"}],"curies":[{"name":"wp","href":"https:\/\/api.w.org\/{rel}","templated":true}]}}